{"id":12764,"date":"2020-06-10T18:03:45","date_gmt":"2020-06-10T16:03:45","guid":{"rendered":"https:\/\/latardor.com\/?page_id=12764"},"modified":"2025-02-21T12:46:04","modified_gmt":"2025-02-21T11:46:04","slug":"contacto","status":"publish","type":"page","link":"https:\/\/latardor.com\/es\/contacto\/","title":{"rendered":"Contacto"},"content":{"rendered":"\t\t<div data-elementor-type=\"wp-page\" data-elementor-id=\"12764\" class=\"elementor elementor-12764 elementor-415\">\n\t\t\t\t<div class=\"elementor-element elementor-element-8902609 e-flex e-con-boxed wpr-particle-no wpr-jarallax-no wpr-parallax-no wpr-sticky-section-no e-con e-parent\" data-id=\"8902609\" data-element_type=\"container\">\n\t\t\t\t\t<div class=\"e-con-inner\">\n\t\t\t\t<div class=\"elementor-element elementor-element-3939195 elementor-widget elementor-widget-heading\" data-id=\"3939195\" data-element_type=\"widget\" data-widget_type=\"heading.default\">\n\t\t\t\t<div class=\"elementor-widget-container\">\n\t\t\t<h1 class=\"elementor-heading-title elementor-size-default\">Contacta con La Tardor<\/h1>\t\t<\/div>\n\t\t\t\t<\/div>\n\t\t\t\t\t<\/div>\n\t\t\t\t<\/div>\n\t\t\t\t<section class=\"elementor-section elementor-top-section elementor-element elementor-element-2ab3f89 elementor-section-boxed elementor-section-height-default elementor-section-height-default wpr-particle-no wpr-jarallax-no wpr-parallax-no wpr-sticky-section-no\" data-id=\"2ab3f89\" data-element_type=\"section\">\n\t\t\t\t\t\t<div class=\"elementor-container elementor-column-gap-default\">\n\t\t\t\t\t<div class=\"elementor-column elementor-col-33 elementor-top-column elementor-element elementor-element-b1af21f\" data-id=\"b1af21f\" data-element_type=\"column\">\n\t\t\t<div class=\"elementor-widget-wrap elementor-element-populated\">\n\t\t\t\t\t\t<div class=\"elementor-element elementor-element-59ae378 elementor-widget elementor-widget-witr_section_service\" data-id=\"59ae378\" data-element_type=\"widget\" data-widget_type=\"witr_section_service.default\">\n\t\t\t\t<div class=\"elementor-widget-container\">\n\t\t\t\t\t\n\t\t\t<div class=\"service-item all_color_service  text-center  \">\n\t\t\t\t<div class=\"service_top_image\">\n\t\t\t\t\t<!-- image -->\n\t\t\t\t\t\t\t\t\n\t\t\t\t<\/div>\n\t\t\t\t<div class=\"text_box all_icon_color\">\n\t\t\t\t\t<!-- icon -->\n\t\t\t\t\t\t\t\t\t\t\t<i class=\"flaticon flaticon-map\"><\/i>\n\t\t\t\t\t\t\t\t\t\t<!-- custom icon -->\n\t\t\t\t\t\t\t\t\t\n\t\t\t\t\t<!-- image -->\n\t\t\t\t\t\t\n\t\t\t\t\t<!-- title -->\n\t\t\t\t\t\t\t\t\t\t\t\t\t\t\t<h3>Ubicaci\u00f3n\n <\/h3>\n\t\t\t\t\t\t\t\t\t\t\t\t\t\t\t<!-- content -->\n\t\t\t\t\t\t\t\t\t\t\t<p>C\\Pintor Galwey, 1<br>\n17800 Olot<br>\n(Girona)\n <\/p>\t\t\n\t\t\t\t\t\t\t\t\t\t<!-- button -->\n\t\t\t\t\t\t\t\t\t\n\t\t\t\t<\/div> <!-- text_box -->\t\t\t\t\t\t\t\n\t\t\t<\/div> <!-- service item -->\t\t\t\t\t\t\t\n \t\t\t\t<\/div>\n\t\t\t\t<\/div>\n\t\t\t\t\t<\/div>\n\t\t<\/div>\n\t\t\t\t<div class=\"elementor-column elementor-col-33 elementor-top-column elementor-element elementor-element-d258487\" data-id=\"d258487\" data-element_type=\"column\">\n\t\t\t<div class=\"elementor-widget-wrap elementor-element-populated\">\n\t\t\t\t\t\t<div class=\"elementor-element elementor-element-7085b5f elementor-widget elementor-widget-witr_section_service\" data-id=\"7085b5f\" data-element_type=\"widget\" data-widget_type=\"witr_section_service.default\">\n\t\t\t\t<div class=\"elementor-widget-container\">\n\t\t\t\t\t\n\t\t\t<div class=\"service-item all_color_service  text-center  \">\n\t\t\t\t<div class=\"service_top_image\">\n\t\t\t\t\t<!-- image -->\n\t\t\t\t\t\t\t\t\n\t\t\t\t<\/div>\n\t\t\t\t<div class=\"text_box all_icon_color\">\n\t\t\t\t\t<!-- icon -->\n\t\t\t\t\t\t\t\t\t\t\t<i class=\"flaticon flaticon-call\"><\/i>\n\t\t\t\t\t\t\t\t\t\t<!-- custom icon -->\n\t\t\t\t\t\t\t\t\t\n\t\t\t\t\t<!-- image -->\n\t\t\t\t\t\t\n\t\t\t\t\t<!-- title -->\n\t\t\t\t\t\t\t\t\t\t\t\t\t\t\t<h3>Tel\u00e9fonos\n <\/h3>\n\t\t\t\t\t\t\t\t\t\t\t\t\t\t\t<!-- content -->\n\t\t\t\t\t\t\t\t\t\t\t<p><a style=\"color:#616161;\" href=\"tel:+34 972260540\">+34 972260540<\/a><br>\n<br><br>\n <\/p>\t\t\n\t\t\t\t\t\t\t\t\t\t<!-- button -->\n\t\t\t\t\t\t\t\t\t\n\t\t\t\t<\/div> <!-- text_box -->\t\t\t\t\t\t\t\n\t\t\t<\/div> <!-- service item -->\t\t\t\t\t\t\t\n \t\t\t\t<\/div>\n\t\t\t\t<\/div>\n\t\t\t\t\t<\/div>\n\t\t<\/div>\n\t\t\t\t<div class=\"elementor-column elementor-col-33 elementor-top-column elementor-element elementor-element-7d9383b\" data-id=\"7d9383b\" data-element_type=\"column\">\n\t\t\t<div class=\"elementor-widget-wrap elementor-element-populated\">\n\t\t\t\t\t\t<div class=\"elementor-element elementor-element-9b47572 elementor-widget elementor-widget-witr_section_service\" data-id=\"9b47572\" data-element_type=\"widget\" data-widget_type=\"witr_section_service.default\">\n\t\t\t\t<div class=\"elementor-widget-container\">\n\t\t\t\t\t\n\t\t\t<div class=\"service-item all_color_service  text-center  \">\n\t\t\t\t<div class=\"service_top_image\">\n\t\t\t\t\t<!-- image -->\n\t\t\t\t\t\t\t\t\n\t\t\t\t<\/div>\n\t\t\t\t<div class=\"text_box all_icon_color\">\n\t\t\t\t\t<!-- icon -->\n\t\t\t\t\t\t\t\t\t\t\t<i class=\"flaticon flaticon-mail\"><\/i>\n\t\t\t\t\t\t\t\t\t\t<!-- custom icon -->\n\t\t\t\t\t\t\t\t\t\n\t\t\t\t\t<!-- image -->\n\t\t\t\t\t\t\n\t\t\t\t\t<!-- title -->\n\t\t\t\t\t\t\t\t\t\t\t\t\t\t\t<h3>Emails\n\n <\/h3>\n\t\t\t\t\t\t\t\t\t\t\t\t\t\t\t<!-- content -->\n\t\t\t\t\t\t\t\t\t\t\t<p><a style=\"color:#616161\" href=\"mailto:hola@latardor.com\">hola@latardor.com<\/a><br>\n<br><br> <\/p>\t\t\n\t\t\t\t\t\t\t\t\t\t<!-- button -->\n\t\t\t\t\t\t\t\t\t\n\t\t\t\t<\/div> <!-- text_box -->\t\t\t\t\t\t\t\n\t\t\t<\/div> <!-- service item -->\t\t\t\t\t\t\t\n \t\t\t\t<\/div>\n\t\t\t\t<\/div>\n\t\t\t\t\t<\/div>\n\t\t<\/div>\n\t\t\t\t\t<\/div>\n\t\t<\/section>\n\t\t\t\t<section class=\"elementor-section elementor-top-section elementor-element elementor-element-4c1f1bd elementor-section-full_width elementor-section-height-default elementor-section-height-default wpr-particle-no wpr-jarallax-no wpr-parallax-no wpr-sticky-section-no\" data-id=\"4c1f1bd\" data-element_type=\"section\">\n\t\t\t\t\t\t<div class=\"elementor-container elementor-column-gap-no\">\n\t\t\t\t\t<div class=\"elementor-column elementor-col-100 elementor-top-column elementor-element elementor-element-5e4bf83\" data-id=\"5e4bf83\" data-element_type=\"column\">\n\t\t\t<div class=\"elementor-widget-wrap elementor-element-populated\">\n\t\t\t\t\t\t<div class=\"elementor-element elementor-element-c9bb51b elementor-widget elementor-widget-google_maps\" data-id=\"c9bb51b\" data-element_type=\"widget\" data-widget_type=\"google_maps.default\">\n\t\t\t\t<div class=\"elementor-widget-container\">\n\t\t\t\t\t<div class=\"elementor-custom-embed\">\n\t\t\t<iframe loading=\"lazy\"\n\t\t\t\t\tsrc=\"https:\/\/maps.google.com\/maps?q=C%5CPintor%20Galwey%2C%201%2C%20Olot&#038;t=m&#038;z=15&#038;output=embed&#038;iwloc=near\"\n\t\t\t\t\ttitle=\"C\\Pintor Galwey, 1, Olot\"\n\t\t\t\t\taria-label=\"C\\Pintor Galwey, 1, Olot\"\n\t\t\t><\/iframe>\n\t\t<\/div>\n\t\t\t\t<\/div>\n\t\t\t\t<\/div>\n\t\t\t\t\t<\/div>\n\t\t<\/div>\n\t\t\t\t\t<\/div>\n\t\t<\/section>\n\t\t\t\t<\/div>\n\t\t","protected":false},"excerpt":{"rendered":"<p>Contacta con La Tardor Ubicaci\u00f3n CPintor Galwey, 1 17800 Olot (Girona) Tel\u00e9fonos +34 972260540 Emails hola@latardor.com<\/p>\n","protected":false},"author":1,"featured_media":0,"parent":0,"menu_order":0,"comment_status":"closed","ping_status":"closed","template":"template-home.php","meta":{"footnotes":""},"class_list":["post-12764","page","type-page","status-publish","hentry"],"yoast_head":"<!-- This site is optimized with the Yoast SEO plugin v23.9 - https:\/\/yoast.com\/wordpress\/plugins\/seo\/ -->\n<title>Cont\u00e1ctanos en Centro La Tardor: Estamos aqu\u00ed para ayudarte<\/title>\n<meta name=\"description\" content=\"\u00bfTienes preguntas sobre La Tardor? Ll\u00e1manos o vis\u00edtanos. Estamos listos para ofrecerte toda la informaci\u00f3n sobre nuestros servicios.\" \/>\n<meta name=\"robots\" content=\"index, follow, max-snippet:-1, max-image-preview:large, max-video-preview:-1\" \/>\n<link rel=\"canonical\" href=\"https:\/\/latardor.com\/contacte\/\" \/>\n<meta property=\"og:locale\" content=\"es_ES\" \/>\n<meta property=\"og:type\" content=\"article\" \/>\n<meta property=\"og:title\" content=\"Cont\u00e1ctanos en Centro La Tardor: Estamos aqu\u00ed para ayudarte\" \/>\n<meta property=\"og:description\" content=\"\u00bfTienes preguntas sobre La Tardor? Ll\u00e1manos o vis\u00edtanos. Estamos listos para ofrecerte toda la informaci\u00f3n sobre nuestros servicios.\" \/>\n<meta property=\"og:url\" content=\"https:\/\/latardor.com\/contacte\/\" \/>\n<meta property=\"og:site_name\" content=\"Residencia La Tardor\" \/>\n<meta property=\"article:publisher\" content=\"https:\/\/www.facebook.com\/residencialatardorOlot\" \/>\n<meta property=\"article:modified_time\" content=\"2025-02-21T11:46:04+00:00\" \/>\n<meta name=\"twitter:card\" content=\"summary_large_image\" \/>\n<meta name=\"twitter:site\" content=\"@latardorOlot\" \/>\n<meta name=\"twitter:label1\" content=\"Tiempo de lectura\" \/>\n\t<meta name=\"twitter:data1\" content=\"1 minuto\" \/>\n<script type=\"application\/ld+json\" class=\"yoast-schema-graph\">{\"@context\":\"https:\/\/schema.org\",\"@graph\":[{\"@type\":\"WebPage\",\"@id\":\"https:\/\/latardor.com\/contacte\/\",\"url\":\"https:\/\/latardor.com\/contacte\/\",\"name\":\"Cont\u00e1ctanos en Centro La Tardor: Estamos aqu\u00ed para ayudarte\",\"isPartOf\":{\"@id\":\"https:\/\/latardor.com\/#website\"},\"datePublished\":\"2020-06-10T16:03:45+00:00\",\"dateModified\":\"2025-02-21T11:46:04+00:00\",\"description\":\"\u00bfTienes preguntas sobre La Tardor? Ll\u00e1manos o vis\u00edtanos. Estamos listos para ofrecerte toda la informaci\u00f3n sobre nuestros servicios.\",\"breadcrumb\":{\"@id\":\"https:\/\/latardor.com\/contacte\/#breadcrumb\"},\"inLanguage\":\"es\",\"potentialAction\":[{\"@type\":\"ReadAction\",\"target\":[\"https:\/\/latardor.com\/contacte\/\"]}]},{\"@type\":\"BreadcrumbList\",\"@id\":\"https:\/\/latardor.com\/contacte\/#breadcrumb\",\"itemListElement\":[{\"@type\":\"ListItem\",\"position\":1,\"name\":\"Inici\",\"item\":\"https:\/\/latardor.com\/es\/\"},{\"@type\":\"ListItem\",\"position\":2,\"name\":\"Contacto\"}]},{\"@type\":\"WebSite\",\"@id\":\"https:\/\/latardor.com\/#website\",\"url\":\"https:\/\/latardor.com\/\",\"name\":\"Residencia La Tardor\",\"description\":\"\",\"publisher\":{\"@id\":\"https:\/\/latardor.com\/#organization\"},\"potentialAction\":[{\"@type\":\"SearchAction\",\"target\":{\"@type\":\"EntryPoint\",\"urlTemplate\":\"https:\/\/latardor.com\/?s={search_term_string}\"},\"query-input\":{\"@type\":\"PropertyValueSpecification\",\"valueRequired\":true,\"valueName\":\"search_term_string\"}}],\"inLanguage\":\"es\"},{\"@type\":\"Organization\",\"@id\":\"https:\/\/latardor.com\/#organization\",\"name\":\"Residencia La Tardor\",\"url\":\"https:\/\/latardor.com\/\",\"logo\":{\"@type\":\"ImageObject\",\"inLanguage\":\"es\",\"@id\":\"https:\/\/latardor.com\/#\/schema\/logo\/image\/\",\"url\":\"https:\/\/latardor.com\/wp-content\/uploads\/2024\/09\/cropped-logo-light.png\",\"contentUrl\":\"https:\/\/latardor.com\/wp-content\/uploads\/2024\/09\/cropped-logo-light.png\",\"width\":512,\"height\":512,\"caption\":\"Residencia La Tardor\"},\"image\":{\"@id\":\"https:\/\/latardor.com\/#\/schema\/logo\/image\/\"},\"sameAs\":[\"https:\/\/www.facebook.com\/residencialatardorOlot\",\"https:\/\/x.com\/latardorOlot\",\"https:\/\/www.instagram.com\/latardorolot\/\",\"https:\/\/www.youtube.com\/@residencialatardor4202\"]}]}<\/script>\n<!-- \/ Yoast SEO plugin. -->","yoast_head_json":{"title":"Cont\u00e1ctanos en Centro La Tardor: Estamos aqu\u00ed para ayudarte","description":"\u00bfTienes preguntas sobre La Tardor? Ll\u00e1manos o vis\u00edtanos. Estamos listos para ofrecerte toda la informaci\u00f3n sobre nuestros servicios.","robots":{"index":"index","follow":"follow","max-snippet":"max-snippet:-1","max-image-preview":"max-image-preview:large","max-video-preview":"max-video-preview:-1"},"canonical":"https:\/\/latardor.com\/contacte\/","og_locale":"es_ES","og_type":"article","og_title":"Cont\u00e1ctanos en Centro La Tardor: Estamos aqu\u00ed para ayudarte","og_description":"\u00bfTienes preguntas sobre La Tardor? Ll\u00e1manos o vis\u00edtanos. Estamos listos para ofrecerte toda la informaci\u00f3n sobre nuestros servicios.","og_url":"https:\/\/latardor.com\/contacte\/","og_site_name":"Residencia La Tardor","article_publisher":"https:\/\/www.facebook.com\/residencialatardorOlot","article_modified_time":"2025-02-21T11:46:04+00:00","twitter_card":"summary_large_image","twitter_site":"@latardorOlot","twitter_misc":{"Tiempo de lectura":"1 minuto"},"schema":{"@context":"https:\/\/schema.org","@graph":[{"@type":"WebPage","@id":"https:\/\/latardor.com\/contacte\/","url":"https:\/\/latardor.com\/contacte\/","name":"Cont\u00e1ctanos en Centro La Tardor: Estamos aqu\u00ed para ayudarte","isPartOf":{"@id":"https:\/\/latardor.com\/#website"},"datePublished":"2020-06-10T16:03:45+00:00","dateModified":"2025-02-21T11:46:04+00:00","description":"\u00bfTienes preguntas sobre La Tardor? Ll\u00e1manos o vis\u00edtanos. Estamos listos para ofrecerte toda la informaci\u00f3n sobre nuestros servicios.","breadcrumb":{"@id":"https:\/\/latardor.com\/contacte\/#breadcrumb"},"inLanguage":"es","potentialAction":[{"@type":"ReadAction","target":["https:\/\/latardor.com\/contacte\/"]}]},{"@type":"BreadcrumbList","@id":"https:\/\/latardor.com\/contacte\/#breadcrumb","itemListElement":[{"@type":"ListItem","position":1,"name":"Inici","item":"https:\/\/latardor.com\/es\/"},{"@type":"ListItem","position":2,"name":"Contacto"}]},{"@type":"WebSite","@id":"https:\/\/latardor.com\/#website","url":"https:\/\/latardor.com\/","name":"Residencia La Tardor","description":"","publisher":{"@id":"https:\/\/latardor.com\/#organization"},"potentialAction":[{"@type":"SearchAction","target":{"@type":"EntryPoint","urlTemplate":"https:\/\/latardor.com\/?s={search_term_string}"},"query-input":{"@type":"PropertyValueSpecification","valueRequired":true,"valueName":"search_term_string"}}],"inLanguage":"es"},{"@type":"Organization","@id":"https:\/\/latardor.com\/#organization","name":"Residencia La Tardor","url":"https:\/\/latardor.com\/","logo":{"@type":"ImageObject","inLanguage":"es","@id":"https:\/\/latardor.com\/#\/schema\/logo\/image\/","url":"https:\/\/latardor.com\/wp-content\/uploads\/2024\/09\/cropped-logo-light.png","contentUrl":"https:\/\/latardor.com\/wp-content\/uploads\/2024\/09\/cropped-logo-light.png","width":512,"height":512,"caption":"Residencia La Tardor"},"image":{"@id":"https:\/\/latardor.com\/#\/schema\/logo\/image\/"},"sameAs":["https:\/\/www.facebook.com\/residencialatardorOlot","https:\/\/x.com\/latardorOlot","https:\/\/www.instagram.com\/latardorolot\/","https:\/\/www.youtube.com\/@residencialatardor4202"]}]}},"_links":{"self":[{"href":"https:\/\/latardor.com\/es\/wp-json\/wp\/v2\/pages\/12764","targetHints":{"allow":["GET"]}}],"collection":[{"href":"https:\/\/latardor.com\/es\/wp-json\/wp\/v2\/pages"}],"about":[{"href":"https:\/\/latardor.com\/es\/wp-json\/wp\/v2\/types\/page"}],"author":[{"embeddable":true,"href":"https:\/\/latardor.com\/es\/wp-json\/wp\/v2\/users\/1"}],"replies":[{"embeddable":true,"href":"https:\/\/latardor.com\/es\/wp-json\/wp\/v2\/comments?post=12764"}],"version-history":[{"count":13,"href":"https:\/\/latardor.com\/es\/wp-json\/wp\/v2\/pages\/12764\/revisions"}],"predecessor-version":[{"id":12933,"href":"https:\/\/latardor.com\/es\/wp-json\/wp\/v2\/pages\/12764\/revisions\/12933"}],"wp:attachment":[{"href":"https:\/\/latardor.com\/es\/wp-json\/wp\/v2\/media?parent=12764"}],"curies":[{"name":"wp","href":"https:\/\/api.w.org\/{rel}","templated":true}]}}