{"id":12749,"date":"2020-06-10T18:44:37","date_gmt":"2020-06-10T16:44:37","guid":{"rendered":"https:\/\/latardor.com\/?page_id=12749"},"modified":"2024-11-20T15:20:13","modified_gmt":"2024-11-20T14:20:13","slug":"preguntas-frecuentes","status":"publish","type":"page","link":"https:\/\/latardor.com\/es\/preguntas-frecuentes\/","title":{"rendered":"Preguntas frecuentes"},"content":{"rendered":"\t\t<div data-elementor-type=\"wp-page\" data-elementor-id=\"12749\" class=\"elementor elementor-12749 elementor-463\">\n\t\t\t\t\t\t<section class=\"elementor-section elementor-top-section elementor-element elementor-element-dd3559e elementor-section-boxed elementor-section-height-default elementor-section-height-default wpr-particle-no wpr-jarallax-no wpr-parallax-no wpr-sticky-section-no\" data-id=\"dd3559e\" data-element_type=\"section\">\n\t\t\t\t\t\t<div class=\"elementor-container elementor-column-gap-default\">\n\t\t\t\t\t<div class=\"elementor-column elementor-col-50 elementor-top-column elementor-element elementor-element-7e50d20\" data-id=\"7e50d20\" data-element_type=\"column\">\n\t\t\t<div class=\"elementor-widget-wrap elementor-element-populated\">\n\t\t\t\t\t\t<div class=\"elementor-element elementor-element-ed55109 elementor-widget elementor-widget-witr_section_s_image\" data-id=\"ed55109\" data-element_type=\"widget\" data-widget_type=\"witr_section_s_image.default\">\n\t\t\t\t<div class=\"elementor-widget-container\">\n\t\t\t\t\n\t\t<div class=\"single_image_area\">\n\t\t\t<div class=\"single_image single_line_option  \">\n\t\t\t\t<!-- image -->\n\t\t\t\t<img fetchpriority=\"high\" decoding=\"async\" width=\"724\" height=\"792\" src=\"https:\/\/latardor.com\/wp-content\/uploads\/2024\/10\/faq_web.png\" class=\"attachment-large size-large wp-image-12546\" alt=\"\" srcset=\"https:\/\/latardor.com\/wp-content\/uploads\/2024\/10\/faq_web.png 724w, https:\/\/latardor.com\/wp-content\/uploads\/2024\/10\/faq_web-274x300.png 274w\" sizes=\"(max-width: 724px) 100vw, 724px\" \/>\t\t\n\t\t\t\t\t\t\t\t\t\t\t<\/div>\n\t\t<\/div>\n\t\t\t\n\t\t\t\n\t\t\n\t\t\t\n\t\t\t\t<\/div>\n\t\t\t\t<\/div>\n\t\t\t\t\t<\/div>\n\t\t<\/div>\n\t\t\t\t<div class=\"elementor-column elementor-col-50 elementor-top-column elementor-element elementor-element-1ef8031\" data-id=\"1ef8031\" data-element_type=\"column\">\n\t\t\t<div class=\"elementor-widget-wrap elementor-element-populated\">\n\t\t\t\t\t\t<div class=\"elementor-element elementor-element-4dc7fd7 poket-star-rating--align-center elementor-widget elementor-widget-witr_section_title\" data-id=\"4dc7fd7\" data-element_type=\"widget\" data-widget_type=\"witr_section_title.default\">\n\t\t\t\t<div class=\"elementor-widget-container\">\n\t\t\t\t\t\t\t\t<!-- title left -->\n\t\t\t\t\t<div class=\"witr_section_title\">\n\t\t\t\t\t\t<div class=\"witr_section_title_inner text-left\">\n\t\t\t\t\t\t\n\t\t\t\t\t\t\t<!-- icon position -->\n\t\t\t\t\t\t\t\t\n\t\t\t\t\t\t\t<!-- end icon position -->\n\t\t\t\t\t\t\n\t\t\t\t\t\t\n\t\t\t\t\t\t\t<!-- title top -->\n\t\t\t\t\t\t\t\t\t\t\t\t\t\t\t<h2>\u00bfTienes alguna duda?<\/h2>\t\t\n\t\t\t\t\t\t\t\n\t\t\t\t\t\t\t<!-- icon position -->\n\t\t\t\t\t\t\t\t\n\t\t\t\t\t\t\t<!-- end icon position -->\n\n\t\t\t\t\t\t\t\n\t\t\t\t\t\t\t<!-- title middle -->\n\t\t\t\t\t\t\t\t\t\t\t\t\t\t<!-- title bottom -->\n\t\t\t\t\t\t\t\t\t\t\t\t\t\t\n\t\t\t\t\t\t\t<!-- icon position -->\n\t\t\t\t\t\t\t\t\t\t\t\t\t\t\n\t\t\t\t\t\t\t<!-- image -->\n\t\t\t\t\t\t\t\t\t\t\t\t\t\t<!-- icon -->\n\t\t\t\t\t\t\t\t\t\t\t\t\t\t\n\t\t\t\t\t\t\t<!-- bar -->\n\t\t\t\t\t\t\t\t\t\t\t\t\t\t<!-- circle bar -->\n\t\t\t\t\t\t\t\t\t\t\t\t\t\t\n\t\t\t\t\t\t\t\t\n\t\t\t\t\t\t\t<!-- end icon position -->\n\n\t\t\t\t\t\t\t<!-- content -->\n\t\t\t\t\t\t\t\t\t\t\t\t\t<\/div>\n\t\t\t\t\t\t\t<!-- inner title -->\n\t\t\t\t\t\t\t\t\t\t\t\t\t\n\t\t\t\t\t<\/div>\t\t\t\t\n\t\t\t\t\t\t<\/div>\n\t\t\t\t<\/div>\n\t\t\t\t<div class=\"elementor-element elementor-element-8c9acdb elementor-widget elementor-widget-witr_ac_cl\" data-id=\"8c9acdb\" data-element_type=\"widget\" data-widget_type=\"witr_ac_cl.default\">\n\t\t\t\t<div class=\"elementor-widget-container\">\n\t\t\t\t\t\n\t\t\n\t\t\n\n                <div class=\"accordion_area\">\n                    <div class=\"faq-part\">\n                        <div id=\"accordion\">\n\t\t\t\t\t\t\t\t\t\t\t\t\t\t\t<div class=\"card card-2 \">\n\t\t\t\t\t\t\t\t\t<div class=\"card-header witr_ac_card\">\n\t\t\t\t\t\t\t\t\t\t<a href=\"#\" class=\"card-link witr_ac_style\" data-toggle=\"collapse\" data-target=\"#collapse_b003a2a\" aria-expanded=\"true\">\n\t\t\t\t\t\t\t\t\t\t\t<!-- icon -->\n\t\t\t\t\t\t\t\t\t\t\t\t\t\t\t\t\t\t\t\t\t\t\t<i class=\"\"><\/i>\n\t\t\t\t\t\t\t\t\t\t\t\t\t\t\t\t\t\t\t\t\t\n\t\t\t\t\t\t\t\t\t\t   01. \u00bfQu\u00e9 es el grado de dependencia?\t\t\t\t\t\t\t\t\t\t<\/a>\n\t\t\t\t\t\t\t\t\t<\/div>\n\t\t\t\t\t\t\t\t\t<div id=\"collapse_b003a2a\" class=\"collapse ac_s_padding \" data-parent=\"#accordion\">\n                                        <p><span style=\"font-weight: 400\">Seg\u00fan la necesidad de ayuda que tiene una persona para realizar las actividades b\u00e1sicas de la vida diaria, a partir del baremo de valoraci\u00f3n de la dependencia (BVD) se establecen tres grados de dependencia: dependencia moderada (Grado I), dependencia severa ( Grado II), y gran dependencia (Grado III).<\/span><\/p><p><span style=\"font-weight: 400\">Grado I. Dependencia moderada<\/span><\/p><p><span style=\"font-weight: 400\">Se considerar\u00e1 que una persona tiene un grado de dependencia moderada cuando necesita ayuda para realizar diversas actividades b\u00e1sicas de la vida diaria, al menos una vez al d\u00eda, o tiene necesidades de ayuda intermitente o limitada para su autonom\u00eda personal.<\/span><\/p><p><span style=\"font-weight: 400\">Grado II. Dependencia severa<\/span><\/p><p><span style=\"font-weight: 400\">Se considera que una persona tiene un grado de dependencia severa cuando necesita ayuda para diversas actividades b\u00e1sicas de la vida diaria dos o tres veces al d\u00eda, pero no requiere la presencia permanente de una persona cuidadora o tiene necesidades de ayuda extensa para su autonom\u00eda personal.<\/span><\/p><p><span style=\"font-weight: 400\">Grado III. Gran dependencia<\/span><\/p><p><span style=\"font-weight: 400\">Se considera que una persona tiene una gran dependencia cuando necesita ayuda para realizar diversas actividades b\u00e1sicas de la vida diaria varias veces al d\u00eda y, por su p\u00e9rdida total de autonom\u00eda mental o f\u00edsica, necesita la presencia indispensable y continua de otra persona o tiene necesidad de ayuda generalizada para su autonom\u00eda personal.<\/span><\/p>\t\t\t\t\t\t\t\t\t\t\n\t\t\t\t\t\t\t\t\t<\/div>\n\t\t\t\t\t\t\t\t<\/div> <!-- card -->\t\n\t\t\t\t\t\t\t\t\t\t\t\t\t\t\t<div class=\"card card-2  \">\n\t\t\t\t\t\t\t\t\t<div class=\"card-header witr_ac_card\">\n\t\t\t\t\t\t\t\t\t\t<a href=\"#\" class=\"card-link witr_ac_style\" data-toggle=\"collapse\" data-target=\"#collapse_415a2ef\" aria-expanded=\"true\">\n\t\t\t\t\t\t\t\t\t\t\t<!-- icon -->\n\t\t\t\t\t\t\t\t\t\t\t\t\t\t\t\t\t\t\t\t\t\t\t<i class=\"\"><\/i>\n\t\t\t\t\t\t\t\t\t\t\t\t\t\t\t\t\t\t\t\t\t\n\t\t\t\t\t\t\t\t\t\t   02. \u00bfQu\u00e9 es la prestaci\u00f3n econ\u00f3mica vinculada? (PEV)\t\t\t\t\t\t\t\t\t\t<\/a>\n\t\t\t\t\t\t\t\t\t<\/div>\n\t\t\t\t\t\t\t\t\t<div id=\"collapse_415a2ef\" class=\"collapse ac_s_padding  \" data-parent=\"#accordion\">\n                                        <p><span style=\"font-weight: 400\">Es una prestaci\u00f3n personal y peri\u00f3dica, y est\u00e1 sujeta al grado y nivel de dependencia y capacidad econ\u00f3mica de la persona beneficiaria. Est\u00e1 destinada a la cobertura de los gastos de los servicios previstos en el Programa individual de atenci\u00f3n (PIA) cuando no es posible la atenci\u00f3n por parte de un servicio p\u00fablico o concertado por falta de disponibilidad.<\/span><\/p>\t\t\t\t\t\t\t\t\t\t\n\t\t\t\t\t\t\t\t\t<\/div>\n\t\t\t\t\t\t\t\t<\/div> <!-- card -->\t\n\t\t\t\t\t\t\t                        <\/div>\n                    <\/div> <!-- faq part -->\t\t\n                <\/div> \n\n\t\t<script type='text\/javascript'>\n\t\t\tjQuery(function($){\t\t\t\t\n\t\t\t\t$('#accordion .card').each(function () {\n\t\t\t\t\tvar $this = $(this);\n\t\t\t\t\t$this.on('click', function (e) {\n\t\t\t\t\t\tvar has = $this.hasClass('active');\n\t\t\t\t\t\t$('#accordion .card').removeClass('active show');\n\t\t\t\t\t\tif (has) {\n\t\t\t\t\t\t\t$this.removeClass('active show');\n\t\t\t\t\t\t} else {\n\t\t\t\t\t\t\t$this.addClass('active show');\n\t\t\t\t\t\t}\n\t\t\t\t\t});\n\t\t\t\t});\n\t\t\t});\n\t\t<\/script>\t\t\t\t\t\n\t\t\t\t<\/div>\n\t\t\t\t<\/div>\n\t\t\t\t\t<\/div>\n\t\t<\/div>\n\t\t\t\t\t<\/div>\n\t\t<\/section>\n\t\t\t\t<\/div>\n\t\t","protected":false},"excerpt":{"rendered":"<p>\u00bfTienes alguna duda? 01. \u00bfQu\u00e9 es el grado de dependencia? Seg\u00fan la necesidad de ayuda que tiene una persona para realizar las actividades b\u00e1sicas de la vida diaria, a partir del baremo de valoraci\u00f3n de la dependencia (BVD) se establecen tres grados de dependencia: dependencia moderada (Grado I), dependencia severa ( Grado II), y gran dependencia (Grado III). Grado I. Dependencia moderada Se considerar\u00e1 que una persona tiene un grado de dependencia moderada cuando necesita ayuda para realizar diversas actividades b\u00e1sicas de la vida diaria, al menos una vez al d\u00eda, o tiene necesidades de ayuda intermitente o limitada para su autonom\u00eda personal. Grado II. Dependencia severa Se considera que una persona tiene un grado de dependencia severa cuando necesita ayuda para diversas actividades b\u00e1sicas de la vida diaria dos o tres veces al d\u00eda, pero no requiere la presencia permanente de una persona cuidadora o tiene necesidades de ayuda extensa para su autonom\u00eda personal. Grado III. Gran dependencia Se considera que una persona tiene una gran dependencia cuando necesita ayuda para realizar diversas actividades b\u00e1sicas de la vida diaria varias veces al d\u00eda y, por su p\u00e9rdida total de autonom\u00eda mental o f\u00edsica, necesita la presencia indispensable y continua de otra persona o tiene necesidad de ayuda generalizada para su autonom\u00eda personal. 02. \u00bfQu\u00e9 es la prestaci\u00f3n econ\u00f3mica vinculada? (PEV) Es una prestaci\u00f3n personal y peri\u00f3dica, y est\u00e1 sujeta al grado y nivel de dependencia y capacidad econ\u00f3mica de la persona beneficiaria. Est\u00e1 destinada a la cobertura de los gastos de los servicios previstos en el Programa individual de atenci\u00f3n (PIA) cuando no es posible la atenci\u00f3n por parte de un servicio p\u00fablico o concertado por falta de disponibilidad.<\/p>\n","protected":false},"author":1,"featured_media":0,"parent":0,"menu_order":0,"comment_status":"closed","ping_status":"closed","template":"template-home.php","meta":{"footnotes":""},"class_list":["post-12749","page","type-page","status-publish","hentry"],"yoast_head":"<!-- This site is optimized with the Yoast SEO plugin v23.9 - https:\/\/yoast.com\/wordpress\/plugins\/seo\/ -->\n<title>Preguntas frecuentes - Residencia La Tardor<\/title>\n<meta name=\"robots\" content=\"index, follow, max-snippet:-1, max-image-preview:large, max-video-preview:-1\" \/>\n<link rel=\"canonical\" href=\"https:\/\/latardor.com\/es\/preguntas-frecuentes\/\" \/>\n<meta property=\"og:locale\" content=\"es_ES\" \/>\n<meta property=\"og:type\" content=\"article\" \/>\n<meta property=\"og:title\" content=\"Preguntas frecuentes - Residencia La Tardor\" \/>\n<meta property=\"og:description\" content=\"\u00bfTienes alguna duda? 01. \u00bfQu\u00e9 es el grado de dependencia? Seg\u00fan la necesidad de ayuda que tiene una persona para realizar las actividades b\u00e1sicas de la vida diaria, a partir del baremo de valoraci\u00f3n de la dependencia (BVD) se establecen tres grados de dependencia: dependencia moderada (Grado I), dependencia severa ( Grado II), y gran dependencia (Grado III). Grado I. Dependencia moderada Se considerar\u00e1 que una persona tiene un grado de dependencia moderada cuando necesita ayuda para realizar diversas actividades b\u00e1sicas de la vida diaria, al menos una vez al d\u00eda, o tiene necesidades de ayuda intermitente o limitada para su autonom\u00eda personal. Grado II. Dependencia severa Se considera que una persona tiene un grado de dependencia severa cuando necesita ayuda para diversas actividades b\u00e1sicas de la vida diaria dos o tres veces al d\u00eda, pero no requiere la presencia permanente de una persona cuidadora o tiene necesidades de ayuda extensa para su autonom\u00eda personal. Grado III. Gran dependencia Se considera que una persona tiene una gran dependencia cuando necesita ayuda para realizar diversas actividades b\u00e1sicas de la vida diaria varias veces al d\u00eda y, por su p\u00e9rdida total de autonom\u00eda mental o f\u00edsica, necesita la presencia indispensable y continua de otra persona o tiene necesidad de ayuda generalizada para su autonom\u00eda personal. 02. \u00bfQu\u00e9 es la prestaci\u00f3n econ\u00f3mica vinculada? (PEV) Es una prestaci\u00f3n personal y peri\u00f3dica, y est\u00e1 sujeta al grado y nivel de dependencia y capacidad econ\u00f3mica de la persona beneficiaria. Est\u00e1 destinada a la cobertura de los gastos de los servicios previstos en el Programa individual de atenci\u00f3n (PIA) cuando no es posible la atenci\u00f3n por parte de un servicio p\u00fablico o concertado por falta de disponibilidad.\" \/>\n<meta property=\"og:url\" content=\"https:\/\/latardor.com\/es\/preguntas-frecuentes\/\" \/>\n<meta property=\"og:site_name\" content=\"Residencia La Tardor\" \/>\n<meta property=\"article:publisher\" content=\"https:\/\/www.facebook.com\/residencialatardorOlot\" \/>\n<meta property=\"article:modified_time\" content=\"2024-11-20T14:20:13+00:00\" \/>\n<meta property=\"og:image\" content=\"https:\/\/latardor.com\/wp-content\/uploads\/2024\/10\/faq_web.png\" \/>\n\t<meta property=\"og:image:width\" content=\"724\" \/>\n\t<meta property=\"og:image:height\" content=\"792\" \/>\n\t<meta property=\"og:image:type\" content=\"image\/png\" \/>\n<meta name=\"twitter:card\" content=\"summary_large_image\" \/>\n<meta name=\"twitter:site\" content=\"@latardorOlot\" \/>\n<meta name=\"twitter:label1\" content=\"Tiempo de lectura\" \/>\n\t<meta name=\"twitter:data1\" content=\"2 minutos\" \/>\n<script type=\"application\/ld+json\" class=\"yoast-schema-graph\">{\"@context\":\"https:\/\/schema.org\",\"@graph\":[{\"@type\":\"WebPage\",\"@id\":\"https:\/\/latardor.com\/es\/preguntas-frecuentes\/\",\"url\":\"https:\/\/latardor.com\/es\/preguntas-frecuentes\/\",\"name\":\"Preguntas frecuentes - Residencia La Tardor\",\"isPartOf\":{\"@id\":\"https:\/\/latardor.com\/#website\"},\"primaryImageOfPage\":{\"@id\":\"https:\/\/latardor.com\/es\/preguntas-frecuentes\/#primaryimage\"},\"image\":{\"@id\":\"https:\/\/latardor.com\/es\/preguntas-frecuentes\/#primaryimage\"},\"thumbnailUrl\":\"https:\/\/latardor.com\/wp-content\/uploads\/2024\/10\/faq_web.png\",\"datePublished\":\"2020-06-10T16:44:37+00:00\",\"dateModified\":\"2024-11-20T14:20:13+00:00\",\"breadcrumb\":{\"@id\":\"https:\/\/latardor.com\/es\/preguntas-frecuentes\/#breadcrumb\"},\"inLanguage\":\"es\",\"potentialAction\":[{\"@type\":\"ReadAction\",\"target\":[\"https:\/\/latardor.com\/es\/preguntas-frecuentes\/\"]}]},{\"@type\":\"ImageObject\",\"inLanguage\":\"es\",\"@id\":\"https:\/\/latardor.com\/es\/preguntas-frecuentes\/#primaryimage\",\"url\":\"https:\/\/latardor.com\/wp-content\/uploads\/2024\/10\/faq_web.png\",\"contentUrl\":\"https:\/\/latardor.com\/wp-content\/uploads\/2024\/10\/faq_web.png\"},{\"@type\":\"BreadcrumbList\",\"@id\":\"https:\/\/latardor.com\/es\/preguntas-frecuentes\/#breadcrumb\",\"itemListElement\":[{\"@type\":\"ListItem\",\"position\":1,\"name\":\"Inici\",\"item\":\"https:\/\/latardor.com\/es\/\"},{\"@type\":\"ListItem\",\"position\":2,\"name\":\"Preguntas frecuentes\"}]},{\"@type\":\"WebSite\",\"@id\":\"https:\/\/latardor.com\/#website\",\"url\":\"https:\/\/latardor.com\/\",\"name\":\"Residencia La Tardor\",\"description\":\"\",\"publisher\":{\"@id\":\"https:\/\/latardor.com\/#organization\"},\"potentialAction\":[{\"@type\":\"SearchAction\",\"target\":{\"@type\":\"EntryPoint\",\"urlTemplate\":\"https:\/\/latardor.com\/?s={search_term_string}\"},\"query-input\":{\"@type\":\"PropertyValueSpecification\",\"valueRequired\":true,\"valueName\":\"search_term_string\"}}],\"inLanguage\":\"es\"},{\"@type\":\"Organization\",\"@id\":\"https:\/\/latardor.com\/#organization\",\"name\":\"Residencia La Tardor\",\"url\":\"https:\/\/latardor.com\/\",\"logo\":{\"@type\":\"ImageObject\",\"inLanguage\":\"es\",\"@id\":\"https:\/\/latardor.com\/#\/schema\/logo\/image\/\",\"url\":\"https:\/\/latardor.com\/wp-content\/uploads\/2024\/09\/cropped-logo-light.png\",\"contentUrl\":\"https:\/\/latardor.com\/wp-content\/uploads\/2024\/09\/cropped-logo-light.png\",\"width\":512,\"height\":512,\"caption\":\"Residencia La Tardor\"},\"image\":{\"@id\":\"https:\/\/latardor.com\/#\/schema\/logo\/image\/\"},\"sameAs\":[\"https:\/\/www.facebook.com\/residencialatardorOlot\",\"https:\/\/x.com\/latardorOlot\",\"https:\/\/www.instagram.com\/latardorolot\/\",\"https:\/\/www.youtube.com\/@residencialatardor4202\"]}]}<\/script>\n<!-- \/ Yoast SEO plugin. -->","yoast_head_json":{"title":"Preguntas frecuentes - Residencia La Tardor","robots":{"index":"index","follow":"follow","max-snippet":"max-snippet:-1","max-image-preview":"max-image-preview:large","max-video-preview":"max-video-preview:-1"},"canonical":"https:\/\/latardor.com\/es\/preguntas-frecuentes\/","og_locale":"es_ES","og_type":"article","og_title":"Preguntas frecuentes - Residencia La Tardor","og_description":"\u00bfTienes alguna duda? 01. \u00bfQu\u00e9 es el grado de dependencia? Seg\u00fan la necesidad de ayuda que tiene una persona para realizar las actividades b\u00e1sicas de la vida diaria, a partir del baremo de valoraci\u00f3n de la dependencia (BVD) se establecen tres grados de dependencia: dependencia moderada (Grado I), dependencia severa ( Grado II), y gran dependencia (Grado III). Grado I. Dependencia moderada Se considerar\u00e1 que una persona tiene un grado de dependencia moderada cuando necesita ayuda para realizar diversas actividades b\u00e1sicas de la vida diaria, al menos una vez al d\u00eda, o tiene necesidades de ayuda intermitente o limitada para su autonom\u00eda personal. Grado II. Dependencia severa Se considera que una persona tiene un grado de dependencia severa cuando necesita ayuda para diversas actividades b\u00e1sicas de la vida diaria dos o tres veces al d\u00eda, pero no requiere la presencia permanente de una persona cuidadora o tiene necesidades de ayuda extensa para su autonom\u00eda personal. Grado III. Gran dependencia Se considera que una persona tiene una gran dependencia cuando necesita ayuda para realizar diversas actividades b\u00e1sicas de la vida diaria varias veces al d\u00eda y, por su p\u00e9rdida total de autonom\u00eda mental o f\u00edsica, necesita la presencia indispensable y continua de otra persona o tiene necesidad de ayuda generalizada para su autonom\u00eda personal. 02. \u00bfQu\u00e9 es la prestaci\u00f3n econ\u00f3mica vinculada? (PEV) Es una prestaci\u00f3n personal y peri\u00f3dica, y est\u00e1 sujeta al grado y nivel de dependencia y capacidad econ\u00f3mica de la persona beneficiaria. Est\u00e1 destinada a la cobertura de los gastos de los servicios previstos en el Programa individual de atenci\u00f3n (PIA) cuando no es posible la atenci\u00f3n por parte de un servicio p\u00fablico o concertado por falta de disponibilidad.","og_url":"https:\/\/latardor.com\/es\/preguntas-frecuentes\/","og_site_name":"Residencia La Tardor","article_publisher":"https:\/\/www.facebook.com\/residencialatardorOlot","article_modified_time":"2024-11-20T14:20:13+00:00","og_image":[{"width":724,"height":792,"url":"https:\/\/latardor.com\/wp-content\/uploads\/2024\/10\/faq_web.png","type":"image\/png"}],"twitter_card":"summary_large_image","twitter_site":"@latardorOlot","twitter_misc":{"Tiempo de lectura":"2 minutos"},"schema":{"@context":"https:\/\/schema.org","@graph":[{"@type":"WebPage","@id":"https:\/\/latardor.com\/es\/preguntas-frecuentes\/","url":"https:\/\/latardor.com\/es\/preguntas-frecuentes\/","name":"Preguntas frecuentes - Residencia La Tardor","isPartOf":{"@id":"https:\/\/latardor.com\/#website"},"primaryImageOfPage":{"@id":"https:\/\/latardor.com\/es\/preguntas-frecuentes\/#primaryimage"},"image":{"@id":"https:\/\/latardor.com\/es\/preguntas-frecuentes\/#primaryimage"},"thumbnailUrl":"https:\/\/latardor.com\/wp-content\/uploads\/2024\/10\/faq_web.png","datePublished":"2020-06-10T16:44:37+00:00","dateModified":"2024-11-20T14:20:13+00:00","breadcrumb":{"@id":"https:\/\/latardor.com\/es\/preguntas-frecuentes\/#breadcrumb"},"inLanguage":"es","potentialAction":[{"@type":"ReadAction","target":["https:\/\/latardor.com\/es\/preguntas-frecuentes\/"]}]},{"@type":"ImageObject","inLanguage":"es","@id":"https:\/\/latardor.com\/es\/preguntas-frecuentes\/#primaryimage","url":"https:\/\/latardor.com\/wp-content\/uploads\/2024\/10\/faq_web.png","contentUrl":"https:\/\/latardor.com\/wp-content\/uploads\/2024\/10\/faq_web.png"},{"@type":"BreadcrumbList","@id":"https:\/\/latardor.com\/es\/preguntas-frecuentes\/#breadcrumb","itemListElement":[{"@type":"ListItem","position":1,"name":"Inici","item":"https:\/\/latardor.com\/es\/"},{"@type":"ListItem","position":2,"name":"Preguntas frecuentes"}]},{"@type":"WebSite","@id":"https:\/\/latardor.com\/#website","url":"https:\/\/latardor.com\/","name":"Residencia La Tardor","description":"","publisher":{"@id":"https:\/\/latardor.com\/#organization"},"potentialAction":[{"@type":"SearchAction","target":{"@type":"EntryPoint","urlTemplate":"https:\/\/latardor.com\/?s={search_term_string}"},"query-input":{"@type":"PropertyValueSpecification","valueRequired":true,"valueName":"search_term_string"}}],"inLanguage":"es"},{"@type":"Organization","@id":"https:\/\/latardor.com\/#organization","name":"Residencia La Tardor","url":"https:\/\/latardor.com\/","logo":{"@type":"ImageObject","inLanguage":"es","@id":"https:\/\/latardor.com\/#\/schema\/logo\/image\/","url":"https:\/\/latardor.com\/wp-content\/uploads\/2024\/09\/cropped-logo-light.png","contentUrl":"https:\/\/latardor.com\/wp-content\/uploads\/2024\/09\/cropped-logo-light.png","width":512,"height":512,"caption":"Residencia La Tardor"},"image":{"@id":"https:\/\/latardor.com\/#\/schema\/logo\/image\/"},"sameAs":["https:\/\/www.facebook.com\/residencialatardorOlot","https:\/\/x.com\/latardorOlot","https:\/\/www.instagram.com\/latardorolot\/","https:\/\/www.youtube.com\/@residencialatardor4202"]}]}},"_links":{"self":[{"href":"https:\/\/latardor.com\/es\/wp-json\/wp\/v2\/pages\/12749","targetHints":{"allow":["GET"]}}],"collection":[{"href":"https:\/\/latardor.com\/es\/wp-json\/wp\/v2\/pages"}],"about":[{"href":"https:\/\/latardor.com\/es\/wp-json\/wp\/v2\/types\/page"}],"author":[{"embeddable":true,"href":"https:\/\/latardor.com\/es\/wp-json\/wp\/v2\/users\/1"}],"replies":[{"embeddable":true,"href":"https:\/\/latardor.com\/es\/wp-json\/wp\/v2\/comments?post=12749"}],"version-history":[{"count":3,"href":"https:\/\/latardor.com\/es\/wp-json\/wp\/v2\/pages\/12749\/revisions"}],"predecessor-version":[{"id":12914,"href":"https:\/\/latardor.com\/es\/wp-json\/wp\/v2\/pages\/12749\/revisions\/12914"}],"wp:attachment":[{"href":"https:\/\/latardor.com\/es\/wp-json\/wp\/v2\/media?parent=12749"}],"curies":[{"name":"wp","href":"https:\/\/api.w.org\/{rel}","templated":true}]}}