{"id":12726,"date":"2020-06-10T17:30:30","date_gmt":"2020-06-10T15:30:30","guid":{"rendered":"https:\/\/latardor.com\/?page_id=12726"},"modified":"2025-02-21T12:53:50","modified_gmt":"2025-02-21T11:53:50","slug":"areas-de-intervencion","status":"publish","type":"page","link":"https:\/\/latardor.com\/es\/areas-de-intervencion\/","title":{"rendered":"\u00c1reas de intervenci\u00f3n"},"content":{"rendered":"\t\t<div data-elementor-type=\"wp-page\" data-elementor-id=\"12726\" class=\"elementor elementor-12726 elementor-404\">\n\t\t\t\t\t\t<section class=\"elementor-section elementor-top-section elementor-element elementor-element-989009b elementor-section-boxed elementor-section-height-default elementor-section-height-default wpr-particle-no wpr-jarallax-no wpr-parallax-no wpr-sticky-section-no\" data-id=\"989009b\" data-element_type=\"section\">\n\t\t\t\t\t\t<div class=\"elementor-container elementor-column-gap-default\">\n\t\t\t\t\t<div class=\"elementor-column elementor-col-100 elementor-top-column elementor-element elementor-element-26e4f92\" data-id=\"26e4f92\" data-element_type=\"column\">\n\t\t\t<div class=\"elementor-widget-wrap elementor-element-populated\">\n\t\t\t\t\t\t<div class=\"elementor-element elementor-element-fd8046a poket-star-rating--align-left elementor-widget elementor-widget-witr_section_t_widget\" data-id=\"fd8046a\" data-element_type=\"widget\" data-widget_type=\"witr_section_t_widget.default\">\n\t\t\t\t<div class=\"elementor-widget-container\">\n\t\t\t\t\t\t\t\t<!-- text widget center -->\n\t\t\t\t\t<div class=\"witr_text_widget\">\n\t\t\t\t\t\t<div class=\"witr_text_widget_inner\">\n\t\t\t\t\t\t\t<!-- text widget top -->\n\t\t\t\t\t\t\t\t\t\t\t\t\t\n\t\t\t\t\t\t\t<!-- text widget middle -->\n\t\t\t\t\t\t\t\t\t\t\t\t\t\t\t<h2>\u00c1rea Asistencial<\/h2>\t\t\n\t\t\t\t\t\t\t\t\t\t\t\t\t\t<!-- text widget bottom -->\n\t\t\t\t\t\t\t\t\t\t\t\t\t\n\t\t\t\t\t\t\t<!-- content -->\n\t\t\t\t\t\t\t\t\t\t\t\t\t\t\t<p><div class=\"elementor-element elementor-element-88b1300 elementor-widget elementor-widget-heading\" data-id=\"88b1300\" data-element_type=\"widget\" data-widget_type=\"heading.default\"><div class=\"elementor-widget-container\"><p><i class=\"icofont-check\" style=\"color: #d0671b;\"><\/i> <span style=\"font-weight: 400;\">Promover la autonom\u00eda, teniendo en cuenta no s\u00f3lo las dificultades de la persona, sino tambi\u00e9n sus \"puntos fuertes\" y potencialidades.<\/span><\/p><p><i class=\"icofont-check\" style=\"color: #d0671b;\"><\/i> <span style=\"font-weight: 400;\">Construir relaciones asistenciales basadas en la confianza y el respeto.<\/span><\/p><p><i class=\"icofont-check\" style=\"color: #d0671b;\"><\/i> <span style=\"font-weight: 400;\">Preservar y mejorar las capacidades funcionales y cognitivas.<\/span><\/p><p><i class=\"icofont-check\" style=\"color: #d0671b;\"><\/i> <span style=\"font-weight: 400;\">Promover el envejecimiento saludable y activo.<\/span><\/p><p><i class=\"icofont-check\" style=\"color: #d0671b;\"><\/i> <span style=\"font-weight: 400;\">Mejorar el confort, el bienestar f\u00edsico y emocional de la persona.<\/span><\/p><p><i class=\"icofont-check\" style=\"color: #d0671b;\"><\/i> <span style=\"font-weight: 400;\">Promover cambios para ganar calidad de vida.<\/span><\/p><p><i class=\"icofont-check\" style=\"color: #d0671b;\"><\/i>\u00a0Harmonitzar organitzaci\u00f3 i tracte personalitzat en les intervencions.<\/p><p><i class=\"icofont-check\" style=\"color: #d0671b;\"><\/i> <span style=\"font-weight: 400;\">Armonizar organizaci\u00f3n y trato personalizado en las intervenciones.<\/span><\/p><p><i class=\"icofont-check\" style=\"color: #d0671b;\"><\/i><span style=\"font-weight: 400;\">\u00a0Proporcionar la atenci\u00f3n adecuada al final de la vida (Control de s\u00edntomas).<\/span><\/p><p><i class=\"icofont-check\" style=\"color: #d0671b;\"><\/i> <span style=\"font-weight: 400;\">Prevenir Riesgos potenciales (lesiones por presi\u00f3n, ca\u00eddas, incontinencia...), logrando un equilibrio entre la seguridad, el bienestar emocional y la autonom\u00eda de la persona en las intervenciones.<\/span><\/p><p><i class=\"icofont-check\" style=\"color: #d0671b;\"><\/i> <span style=\"font-weight: 400;\">Informar y respetar los derechos de los usuarios y fomentar el abordaje \u00e9tico de las situaciones.<\/span><\/p><\/div><\/div><\/p>\t\t\n\t\t\t\t\t\t\t\t\t\t\t\t\t\t\n\t\t\t\t\t\t\t<!--- List content --->\n\t\t\t\t\t\t\t<div class=\"witr_widget_list\">\n\t\t\t\t\t\t\t\t<ul>\t\t\t\t\t\t\t\n\t\t\t\t\t\t\t\t\t\t\t\t\t\t\t\t\t<\/ul>\n\t\t\t\t\t\t\t\t\t\n\t\t\t\t\t\t\t<\/div>\t\t\t\t\t\t\t\n\t\t\t\t\t\t<\/div>\n\t\t\t\t\t<\/div>\n\n\t\t\t\t\t\t<\/div>\n\t\t\t\t<\/div>\n\t\t\t\t\t<\/div>\n\t\t<\/div>\n\t\t\t\t\t<\/div>\n\t\t<\/section>\n\t\t\t\t<section class=\"elementor-section elementor-top-section elementor-element elementor-element-b4e190a elementor-section-boxed elementor-section-height-default elementor-section-height-default wpr-particle-no wpr-jarallax-no wpr-parallax-no wpr-sticky-section-no\" data-id=\"b4e190a\" data-element_type=\"section\">\n\t\t\t\t\t\t<div class=\"elementor-container elementor-column-gap-default\">\n\t\t\t\t\t<div class=\"elementor-column elementor-col-100 elementor-top-column elementor-element elementor-element-0d759c1\" data-id=\"0d759c1\" data-element_type=\"column\">\n\t\t\t<div class=\"elementor-widget-wrap elementor-element-populated\">\n\t\t\t\t\t\t<div class=\"elementor-element elementor-element-db808ac poket-star-rating--align-left elementor-widget elementor-widget-witr_section_t_widget\" data-id=\"db808ac\" data-element_type=\"widget\" data-widget_type=\"witr_section_t_widget.default\">\n\t\t\t\t<div class=\"elementor-widget-container\">\n\t\t\t\t\t\t\t\t<!-- text widget center -->\n\t\t\t\t\t<div class=\"witr_text_widget\">\n\t\t\t\t\t\t<div class=\"witr_text_widget_inner\">\n\t\t\t\t\t\t\t<!-- text widget top -->\n\t\t\t\t\t\t\t\t\t\t\t\t\t\t\t<h1>\u00c1rea de integraci\u00f3n y soporte personal, familiar y social<\/h1>\t\t\n\t\t\t\t\t\t\t\t\t\t\t\t\t\n\t\t\t\t\t\t\t<!-- text widget middle -->\n\t\t\t\t\t\t\t\t\t\t\t\t\t\t<!-- text widget bottom -->\n\t\t\t\t\t\t\t\t\t\t\t\t\t\n\t\t\t\t\t\t\t<!-- content -->\n\t\t\t\t\t\t\t\t\t\t\t\t\t\t\t<p><div class=\"elementor-element elementor-element-88b1300 elementor-widget elementor-widget-heading\" data-id=\"88b1300\" data-element_type=\"widget\" data-widget_type=\"heading.default\"><div class=\"elementor-widget-container\"><p class=\"elementor-heading-title elementor-size-default\"><i class=\"icofont-check\" style=\"color: #d0671b;\"><\/i> <span style=\"font-weight: 400;\">Alcanzar la plena integraci\u00f3n de la persona en el centro, as\u00ed como la implicaci\u00f3n familiar.<\/span><br \/><i class=\"icofont-check\" style=\"color: #d0671b;\"><\/i> <span style=\"font-weight: 400;\">Promover y respetar la expresi\u00f3n, por parte del usuario, de sus preferencias y deseos.<\/span><br \/><i class=\"icofont-check\" style=\"color: #d0671b;\"><\/i> <span style=\"font-weight: 400;\">Propiciar el mantenimiento de v\u00ednculos con su familia, amigos y entorno.<\/span><br \/><i class=\"icofont-check\" style=\"color: #d0671b;\"><\/i> <span style=\"font-weight: 400;\">Fomentar la participaci\u00f3n continuada, del usuario y\/o persona de referencia en la elaboraci\u00f3n de su Plan de Atenci\u00f3n Individual, as\u00ed como las posteriores revisiones y actualizaciones del mismo.<\/span><br \/><i class=\"icofont-check\" style=\"color: #d0671b;\"><\/i> <span style=\"font-weight: 400;\">Favorecer la participaci\u00f3n del entorno en el Programa de Actividades del Centro, facilitando la capacidad de elecci\u00f3n y las preferencias del usuario, a fin de que estas actividades resulten significativas.<\/span><br \/><i class=\"icofont-check\" style=\"color: #d0671b;\"><\/i> <span style=\"font-weight: 400;\">Mantener y potenciar la relaci\u00f3n con el entorno social y comunitario.<\/span><br \/><i class=\"icofont-check\" style=\"color: #d0671b;\"><\/i> <span style=\"font-weight: 400;\">Facilitar el establecimiento de nuevas relaciones interpersonales entre usuarios.<\/span><br \/><i class=\"icofont-check\" style=\"color: #d0671b;\"><\/i> <span style=\"font-weight: 400;\">Crear entornos significativos, flexibles, facilitadores y proveedores de soportes.<\/span><br \/><i class=\"icofont-check\" style=\"color: #d0671b;\"><\/i> <span style=\"font-weight: 400;\">Favorecer la participaci\u00f3n del usuario y\/o de su familia, en la toma de decisiones que afecten a su persona.<\/span><\/p><\/div><\/div><\/p>\t\t\n\t\t\t\t\t\t\t\t\t\t\t\t\t\t\n\t\t\t\t\t\t\t<!--- List content --->\n\t\t\t\t\t\t\t<div class=\"witr_widget_list\">\n\t\t\t\t\t\t\t\t<ul>\t\t\t\t\t\t\t\n\t\t\t\t\t\t\t\t\t\t\t\t\t\t\t\t\t<\/ul>\n\t\t\t\t\t\t\t\t\t\n\t\t\t\t\t\t\t<\/div>\t\t\t\t\t\t\t\n\t\t\t\t\t\t<\/div>\n\t\t\t\t\t<\/div>\n\n\t\t\t\t\t\t<\/div>\n\t\t\t\t<\/div>\n\t\t\t\t\t<\/div>\n\t\t<\/div>\n\t\t\t\t\t<\/div>\n\t\t<\/section>\n\t\t\t\t<section class=\"elementor-section elementor-top-section elementor-element elementor-element-8752868 elementor-section-boxed elementor-section-height-default elementor-section-height-default wpr-particle-no wpr-jarallax-no wpr-parallax-no wpr-sticky-section-no\" data-id=\"8752868\" data-element_type=\"section\">\n\t\t\t\t\t\t<div class=\"elementor-container elementor-column-gap-default\">\n\t\t\t\t\t<div class=\"elementor-column elementor-col-100 elementor-top-column elementor-element elementor-element-11094f1\" data-id=\"11094f1\" data-element_type=\"column\">\n\t\t\t<div class=\"elementor-widget-wrap elementor-element-populated\">\n\t\t\t\t\t\t<div class=\"elementor-element elementor-element-643defe poket-star-rating--align-left elementor-widget elementor-widget-witr_section_t_widget\" data-id=\"643defe\" data-element_type=\"widget\" data-widget_type=\"witr_section_t_widget.default\">\n\t\t\t\t<div class=\"elementor-widget-container\">\n\t\t\t\t\t\t\t\t<!-- text widget center -->\n\t\t\t\t\t<div class=\"witr_text_widget\">\n\t\t\t\t\t\t<div class=\"witr_text_widget_inner\">\n\t\t\t\t\t\t\t<!-- text widget top -->\n\t\t\t\t\t\t\t\t\t\t\t\t\t\n\t\t\t\t\t\t\t<!-- text widget middle -->\n\t\t\t\t\t\t\t\t\t\t\t\t\t\t\t<h2>\u00c1rea de Servicios Generales<\/h2>\t\t\n\t\t\t\t\t\t\t\t\t\t\t\t\t\t<!-- text widget bottom -->\n\t\t\t\t\t\t\t\t\t\t\t\t\t\n\t\t\t\t\t\t\t<!-- content -->\n\t\t\t\t\t\t\t\t\t\t\t\t\t\t\t<p><div class=\"elementor-element elementor-element-88b1300 elementor-widget elementor-widget-heading\" data-id=\"88b1300\" data-element_type=\"widget\" data-widget_type=\"heading.default\"><div class=\"elementor-widget-container\"><p class=\"elementor-heading-title elementor-size-default\"><i class=\"icofont-check\" style=\"color: #d0671b;\"><\/i> <span style=\"font-weight: 400;\">Proporcionar alojamiento adaptado a las necesidades, caracter\u00edsticas y preferencias de los residentes, facilitando la personalizaci\u00f3n de espacios privados.<\/span><br \/><i class=\"icofont-check\" style=\"color: #d0671b;\"><\/i> <span style=\"font-weight: 400;\">Proporcionar una alimentaci\u00f3n correcta, variada y equilibrada.<\/span><br \/><i class=\"icofont-check\" style=\"color: #d0671b;\"><\/i> <span style=\"font-weight: 400;\">Establecer h\u00e1bitos correctos de alimentaci\u00f3n.<\/span><br \/><i class=\"icofont-check\" style=\"color: #d0671b;\"><\/i> <span style=\"font-weight: 400;\">Mantener una limpieza adecuada de las instalaciones.<\/span><br \/><i class=\"icofont-check\" style=\"color: #d0671b;\"><\/i> <span style=\"font-weight: 400;\">Procurar la limpieza y el buen estado de la ropa del usuario.<\/span><\/p><\/div><\/div><\/p>\t\t\n\t\t\t\t\t\t\t\t\t\t\t\t\t\t\n\t\t\t\t\t\t\t<!--- List content --->\n\t\t\t\t\t\t\t<div class=\"witr_widget_list\">\n\t\t\t\t\t\t\t\t<ul>\t\t\t\t\t\t\t\n\t\t\t\t\t\t\t\t\t\t\t\t\t\t\t\t\t<\/ul>\n\t\t\t\t\t\t\t\t\t\n\t\t\t\t\t\t\t<\/div>\t\t\t\t\t\t\t\n\t\t\t\t\t\t<\/div>\n\t\t\t\t\t<\/div>\n\n\t\t\t\t\t\t<\/div>\n\t\t\t\t<\/div>\n\t\t\t\t\t<\/div>\n\t\t<\/div>\n\t\t\t\t\t<\/div>\n\t\t<\/section>\n\t\t\t\t<\/div>\n\t\t","protected":false},"excerpt":{"rendered":"<p>\u00c1rea Asistencial Promover la autonom\u00eda, teniendo en cuenta no s\u00f3lo las dificultades de la persona, sino tambi\u00e9n sus &#8220;puntos fuertes&#8221; y potencialidades. Construir relaciones asistenciales basadas en la confianza y el respeto. Preservar y mejorar las capacidades funcionales y cognitivas. Promover el envejecimiento saludable y activo. Mejorar el confort, el bienestar f\u00edsico y emocional de la persona. Promover cambios para ganar calidad de vida. Harmonitzar organitzaci\u00f3 i tracte personalitzat en les intervencions. Armonizar organizaci\u00f3n y trato personalizado en las intervenciones. Proporcionar la atenci\u00f3n adecuada al final de la vida (Control de s\u00edntomas). Prevenir Riesgos potenciales (lesiones por presi\u00f3n, ca\u00eddas, incontinencia&#8230;), logrando un equilibrio entre la seguridad, el bienestar emocional y la autonom\u00eda de la persona en las intervenciones. Informar y respetar los derechos de los usuarios y fomentar el abordaje \u00e9tico de las situaciones. \u00c1rea de integraci\u00f3n y soporte personal, familiar y social Alcanzar la plena integraci\u00f3n de la persona en el centro, as\u00ed como la implicaci\u00f3n familiar. Promover y respetar la expresi\u00f3n, por parte del usuario, de sus preferencias y deseos. Propiciar el mantenimiento de v\u00ednculos con su familia, amigos y entorno. Fomentar la participaci\u00f3n continuada, del usuario y\/o persona de referencia en la elaboraci\u00f3n de su Plan de Atenci\u00f3n Individual, as\u00ed como las posteriores revisiones y actualizaciones del mismo. Favorecer la participaci\u00f3n del entorno en el Programa de Actividades del Centro, facilitando la capacidad de elecci\u00f3n y las preferencias del usuario, a fin de que estas actividades resulten significativas. Mantener y potenciar la relaci\u00f3n con el entorno social y comunitario. Facilitar el establecimiento de nuevas relaciones interpersonales entre usuarios. Crear entornos significativos, flexibles, facilitadores y proveedores de soportes. Favorecer la participaci\u00f3n del usuario y\/o de su familia, en la toma de decisiones que afecten a su persona. \u00c1rea de Servicios Generales Proporcionar alojamiento adaptado a las necesidades, caracter\u00edsticas y preferencias de los residentes, facilitando la personalizaci\u00f3n de espacios privados. Proporcionar una alimentaci\u00f3n correcta, variada y equilibrada. Establecer h\u00e1bitos correctos de alimentaci\u00f3n. Mantener una limpieza adecuada de las instalaciones. Procurar la limpieza y el buen estado de la ropa del usuario.<\/p>\n","protected":false},"author":1,"featured_media":0,"parent":0,"menu_order":0,"comment_status":"closed","ping_status":"closed","template":"template-home.php","meta":{"footnotes":""},"class_list":["post-12726","page","type-page","status-publish","hentry"],"yoast_head":"<!-- This site is optimized with the Yoast SEO plugin v23.9 - https:\/\/yoast.com\/wordpress\/plugins\/seo\/ -->\n<title>\u00c1reas de intervenci\u00f3n - Residencia La Tardor<\/title>\n<meta name=\"robots\" content=\"index, follow, max-snippet:-1, max-image-preview:large, max-video-preview:-1\" \/>\n<link rel=\"canonical\" href=\"https:\/\/latardor.com\/es\/areas-de-intervencion\/\" \/>\n<meta property=\"og:locale\" content=\"es_ES\" \/>\n<meta property=\"og:type\" content=\"article\" \/>\n<meta property=\"og:title\" content=\"\u00c1reas de intervenci\u00f3n - Residencia La Tardor\" \/>\n<meta property=\"og:description\" content=\"\u00c1rea Asistencial Promover la autonom\u00eda, teniendo en cuenta no s\u00f3lo las dificultades de la persona, sino tambi\u00e9n sus &#8220;puntos fuertes&#8221; y potencialidades. Construir relaciones asistenciales basadas en la confianza y el respeto. Preservar y mejorar las capacidades funcionales y cognitivas. Promover el envejecimiento saludable y activo. Mejorar el confort, el bienestar f\u00edsico y emocional de la persona. Promover cambios para ganar calidad de vida. Harmonitzar organitzaci\u00f3 i tracte personalitzat en les intervencions. Armonizar organizaci\u00f3n y trato personalizado en las intervenciones. Proporcionar la atenci\u00f3n adecuada al final de la vida (Control de s\u00edntomas). Prevenir Riesgos potenciales (lesiones por presi\u00f3n, ca\u00eddas, incontinencia&#8230;), logrando un equilibrio entre la seguridad, el bienestar emocional y la autonom\u00eda de la persona en las intervenciones. Informar y respetar los derechos de los usuarios y fomentar el abordaje \u00e9tico de las situaciones. \u00c1rea de integraci\u00f3n y soporte personal, familiar y social Alcanzar la plena integraci\u00f3n de la persona en el centro, as\u00ed como la implicaci\u00f3n familiar. Promover y respetar la expresi\u00f3n, por parte del usuario, de sus preferencias y deseos. Propiciar el mantenimiento de v\u00ednculos con su familia, amigos y entorno. Fomentar la participaci\u00f3n continuada, del usuario y\/o persona de referencia en la elaboraci\u00f3n de su Plan de Atenci\u00f3n Individual, as\u00ed como las posteriores revisiones y actualizaciones del mismo. Favorecer la participaci\u00f3n del entorno en el Programa de Actividades del Centro, facilitando la capacidad de elecci\u00f3n y las preferencias del usuario, a fin de que estas actividades resulten significativas. Mantener y potenciar la relaci\u00f3n con el entorno social y comunitario. Facilitar el establecimiento de nuevas relaciones interpersonales entre usuarios. Crear entornos significativos, flexibles, facilitadores y proveedores de soportes. Favorecer la participaci\u00f3n del usuario y\/o de su familia, en la toma de decisiones que afecten a su persona. \u00c1rea de Servicios Generales Proporcionar alojamiento adaptado a las necesidades, caracter\u00edsticas y preferencias de los residentes, facilitando la personalizaci\u00f3n de espacios privados. Proporcionar una alimentaci\u00f3n correcta, variada y equilibrada. Establecer h\u00e1bitos correctos de alimentaci\u00f3n. Mantener una limpieza adecuada de las instalaciones. Procurar la limpieza y el buen estado de la ropa del usuario.\" \/>\n<meta property=\"og:url\" content=\"https:\/\/latardor.com\/es\/areas-de-intervencion\/\" \/>\n<meta property=\"og:site_name\" content=\"Residencia La Tardor\" \/>\n<meta property=\"article:publisher\" content=\"https:\/\/www.facebook.com\/residencialatardorOlot\" \/>\n<meta property=\"article:modified_time\" content=\"2025-02-21T11:53:50+00:00\" \/>\n<meta name=\"twitter:card\" content=\"summary_large_image\" \/>\n<meta name=\"twitter:site\" content=\"@latardorOlot\" \/>\n<meta name=\"twitter:label1\" content=\"Tiempo de lectura\" \/>\n\t<meta name=\"twitter:data1\" content=\"2 minutos\" \/>\n<script type=\"application\/ld+json\" class=\"yoast-schema-graph\">{\"@context\":\"https:\/\/schema.org\",\"@graph\":[{\"@type\":\"WebPage\",\"@id\":\"https:\/\/latardor.com\/es\/areas-de-intervencion\/\",\"url\":\"https:\/\/latardor.com\/es\/areas-de-intervencion\/\",\"name\":\"\u00c1reas de intervenci\u00f3n - Residencia La Tardor\",\"isPartOf\":{\"@id\":\"https:\/\/latardor.com\/#website\"},\"datePublished\":\"2020-06-10T15:30:30+00:00\",\"dateModified\":\"2025-02-21T11:53:50+00:00\",\"breadcrumb\":{\"@id\":\"https:\/\/latardor.com\/es\/areas-de-intervencion\/#breadcrumb\"},\"inLanguage\":\"es\",\"potentialAction\":[{\"@type\":\"ReadAction\",\"target\":[\"https:\/\/latardor.com\/es\/areas-de-intervencion\/\"]}]},{\"@type\":\"BreadcrumbList\",\"@id\":\"https:\/\/latardor.com\/es\/areas-de-intervencion\/#breadcrumb\",\"itemListElement\":[{\"@type\":\"ListItem\",\"position\":1,\"name\":\"Inici\",\"item\":\"https:\/\/latardor.com\/es\/\"},{\"@type\":\"ListItem\",\"position\":2,\"name\":\"\u00c1reas de intervenci\u00f3n\"}]},{\"@type\":\"WebSite\",\"@id\":\"https:\/\/latardor.com\/#website\",\"url\":\"https:\/\/latardor.com\/\",\"name\":\"Residencia La Tardor\",\"description\":\"\",\"publisher\":{\"@id\":\"https:\/\/latardor.com\/#organization\"},\"potentialAction\":[{\"@type\":\"SearchAction\",\"target\":{\"@type\":\"EntryPoint\",\"urlTemplate\":\"https:\/\/latardor.com\/?s={search_term_string}\"},\"query-input\":{\"@type\":\"PropertyValueSpecification\",\"valueRequired\":true,\"valueName\":\"search_term_string\"}}],\"inLanguage\":\"es\"},{\"@type\":\"Organization\",\"@id\":\"https:\/\/latardor.com\/#organization\",\"name\":\"Residencia La Tardor\",\"url\":\"https:\/\/latardor.com\/\",\"logo\":{\"@type\":\"ImageObject\",\"inLanguage\":\"es\",\"@id\":\"https:\/\/latardor.com\/#\/schema\/logo\/image\/\",\"url\":\"https:\/\/latardor.com\/wp-content\/uploads\/2024\/09\/cropped-logo-light.png\",\"contentUrl\":\"https:\/\/latardor.com\/wp-content\/uploads\/2024\/09\/cropped-logo-light.png\",\"width\":512,\"height\":512,\"caption\":\"Residencia La Tardor\"},\"image\":{\"@id\":\"https:\/\/latardor.com\/#\/schema\/logo\/image\/\"},\"sameAs\":[\"https:\/\/www.facebook.com\/residencialatardorOlot\",\"https:\/\/x.com\/latardorOlot\",\"https:\/\/www.instagram.com\/latardorolot\/\",\"https:\/\/www.youtube.com\/@residencialatardor4202\"]}]}<\/script>\n<!-- \/ Yoast SEO plugin. -->","yoast_head_json":{"title":"\u00c1reas de intervenci\u00f3n - Residencia La Tardor","robots":{"index":"index","follow":"follow","max-snippet":"max-snippet:-1","max-image-preview":"max-image-preview:large","max-video-preview":"max-video-preview:-1"},"canonical":"https:\/\/latardor.com\/es\/areas-de-intervencion\/","og_locale":"es_ES","og_type":"article","og_title":"\u00c1reas de intervenci\u00f3n - Residencia La Tardor","og_description":"\u00c1rea Asistencial Promover la autonom\u00eda, teniendo en cuenta no s\u00f3lo las dificultades de la persona, sino tambi\u00e9n sus &#8220;puntos fuertes&#8221; y potencialidades. Construir relaciones asistenciales basadas en la confianza y el respeto. Preservar y mejorar las capacidades funcionales y cognitivas. Promover el envejecimiento saludable y activo. Mejorar el confort, el bienestar f\u00edsico y emocional de la persona. Promover cambios para ganar calidad de vida. Harmonitzar organitzaci\u00f3 i tracte personalitzat en les intervencions. Armonizar organizaci\u00f3n y trato personalizado en las intervenciones. Proporcionar la atenci\u00f3n adecuada al final de la vida (Control de s\u00edntomas). Prevenir Riesgos potenciales (lesiones por presi\u00f3n, ca\u00eddas, incontinencia&#8230;), logrando un equilibrio entre la seguridad, el bienestar emocional y la autonom\u00eda de la persona en las intervenciones. Informar y respetar los derechos de los usuarios y fomentar el abordaje \u00e9tico de las situaciones. \u00c1rea de integraci\u00f3n y soporte personal, familiar y social Alcanzar la plena integraci\u00f3n de la persona en el centro, as\u00ed como la implicaci\u00f3n familiar. Promover y respetar la expresi\u00f3n, por parte del usuario, de sus preferencias y deseos. Propiciar el mantenimiento de v\u00ednculos con su familia, amigos y entorno. Fomentar la participaci\u00f3n continuada, del usuario y\/o persona de referencia en la elaboraci\u00f3n de su Plan de Atenci\u00f3n Individual, as\u00ed como las posteriores revisiones y actualizaciones del mismo. Favorecer la participaci\u00f3n del entorno en el Programa de Actividades del Centro, facilitando la capacidad de elecci\u00f3n y las preferencias del usuario, a fin de que estas actividades resulten significativas. Mantener y potenciar la relaci\u00f3n con el entorno social y comunitario. Facilitar el establecimiento de nuevas relaciones interpersonales entre usuarios. Crear entornos significativos, flexibles, facilitadores y proveedores de soportes. Favorecer la participaci\u00f3n del usuario y\/o de su familia, en la toma de decisiones que afecten a su persona. \u00c1rea de Servicios Generales Proporcionar alojamiento adaptado a las necesidades, caracter\u00edsticas y preferencias de los residentes, facilitando la personalizaci\u00f3n de espacios privados. Proporcionar una alimentaci\u00f3n correcta, variada y equilibrada. Establecer h\u00e1bitos correctos de alimentaci\u00f3n. Mantener una limpieza adecuada de las instalaciones. Procurar la limpieza y el buen estado de la ropa del usuario.","og_url":"https:\/\/latardor.com\/es\/areas-de-intervencion\/","og_site_name":"Residencia La Tardor","article_publisher":"https:\/\/www.facebook.com\/residencialatardorOlot","article_modified_time":"2025-02-21T11:53:50+00:00","twitter_card":"summary_large_image","twitter_site":"@latardorOlot","twitter_misc":{"Tiempo de lectura":"2 minutos"},"schema":{"@context":"https:\/\/schema.org","@graph":[{"@type":"WebPage","@id":"https:\/\/latardor.com\/es\/areas-de-intervencion\/","url":"https:\/\/latardor.com\/es\/areas-de-intervencion\/","name":"\u00c1reas de intervenci\u00f3n - Residencia La Tardor","isPartOf":{"@id":"https:\/\/latardor.com\/#website"},"datePublished":"2020-06-10T15:30:30+00:00","dateModified":"2025-02-21T11:53:50+00:00","breadcrumb":{"@id":"https:\/\/latardor.com\/es\/areas-de-intervencion\/#breadcrumb"},"inLanguage":"es","potentialAction":[{"@type":"ReadAction","target":["https:\/\/latardor.com\/es\/areas-de-intervencion\/"]}]},{"@type":"BreadcrumbList","@id":"https:\/\/latardor.com\/es\/areas-de-intervencion\/#breadcrumb","itemListElement":[{"@type":"ListItem","position":1,"name":"Inici","item":"https:\/\/latardor.com\/es\/"},{"@type":"ListItem","position":2,"name":"\u00c1reas de intervenci\u00f3n"}]},{"@type":"WebSite","@id":"https:\/\/latardor.com\/#website","url":"https:\/\/latardor.com\/","name":"Residencia La Tardor","description":"","publisher":{"@id":"https:\/\/latardor.com\/#organization"},"potentialAction":[{"@type":"SearchAction","target":{"@type":"EntryPoint","urlTemplate":"https:\/\/latardor.com\/?s={search_term_string}"},"query-input":{"@type":"PropertyValueSpecification","valueRequired":true,"valueName":"search_term_string"}}],"inLanguage":"es"},{"@type":"Organization","@id":"https:\/\/latardor.com\/#organization","name":"Residencia La Tardor","url":"https:\/\/latardor.com\/","logo":{"@type":"ImageObject","inLanguage":"es","@id":"https:\/\/latardor.com\/#\/schema\/logo\/image\/","url":"https:\/\/latardor.com\/wp-content\/uploads\/2024\/09\/cropped-logo-light.png","contentUrl":"https:\/\/latardor.com\/wp-content\/uploads\/2024\/09\/cropped-logo-light.png","width":512,"height":512,"caption":"Residencia La Tardor"},"image":{"@id":"https:\/\/latardor.com\/#\/schema\/logo\/image\/"},"sameAs":["https:\/\/www.facebook.com\/residencialatardorOlot","https:\/\/x.com\/latardorOlot","https:\/\/www.instagram.com\/latardorolot\/","https:\/\/www.youtube.com\/@residencialatardor4202"]}]}},"_links":{"self":[{"href":"https:\/\/latardor.com\/es\/wp-json\/wp\/v2\/pages\/12726","targetHints":{"allow":["GET"]}}],"collection":[{"href":"https:\/\/latardor.com\/es\/wp-json\/wp\/v2\/pages"}],"about":[{"href":"https:\/\/latardor.com\/es\/wp-json\/wp\/v2\/types\/page"}],"author":[{"embeddable":true,"href":"https:\/\/latardor.com\/es\/wp-json\/wp\/v2\/users\/1"}],"replies":[{"embeddable":true,"href":"https:\/\/latardor.com\/es\/wp-json\/wp\/v2\/comments?post=12726"}],"version-history":[{"count":5,"href":"https:\/\/latardor.com\/es\/wp-json\/wp\/v2\/pages\/12726\/revisions"}],"predecessor-version":[{"id":12935,"href":"https:\/\/latardor.com\/es\/wp-json\/wp\/v2\/pages\/12726\/revisions\/12935"}],"wp:attachment":[{"href":"https:\/\/latardor.com\/es\/wp-json\/wp\/v2\/media?parent=12726"}],"curies":[{"name":"wp","href":"https:\/\/api.w.org\/{rel}","templated":true}]}}